{"id":1104,"date":"2022-05-10T05:47:00","date_gmt":"2022-05-10T05:47:00","guid":{"rendered":"https:\/\/vaerdalsbruket.getonnet.dev\/?page_id=1104"},"modified":"2026-02-17T10:02:08","modified_gmt":"2026-02-17T10:02:08","slug":"soknad-jaktkort","status":"publish","type":"page","link":"https:\/\/verdalsbruket.no\/en\/jakt\/soknad-jaktkort\/","title":{"rendered":"Application for hunting license"},"content":{"rendered":"<style>.elementor-1104 .elementor-element.elementor-element-a6858a9 > .elementor-container{min-height:500px;}.elementor-1104 .elementor-element.elementor-element-a6858a9 > .elementor-container > .elementor-column > .elementor-widget-wrap{align-content:center;align-items:center;}.elementor-1104 .elementor-element.elementor-element-a6858a9:not(.elementor-motion-effects-element-type-background), .elementor-1104 .elementor-element.elementor-element-a6858a9 > .elementor-motion-effects-container > .elementor-motion-effects-layer{background-image:url(\"https:\/\/verdalsbruket.no\/wp-content\/uploads\/2022\/04\/100_0050.jpg\");background-position:0% 70%;background-repeat:no-repeat;background-size:100% auto;}.elementor-1104 .elementor-element.elementor-element-a6858a9 > .elementor-background-overlay{background-color:#101010;opacity:0.4;transition:background 0.3s, border-radius 0.3s, opacity 0.3s;}.elementor-1104 .elementor-element.elementor-element-a6858a9{transition:background 0.3s, border 0.3s, border-radius 0.3s, box-shadow 0.3s;margin-top:0px;margin-bottom:0px;padding:40px 40px 40px 40px;}.elementor-1104 .elementor-element.elementor-element-f575f5a > .elementor-element-populated{padding:0px 0px 0px 0px;}.elementor-1104 .elementor-element.elementor-element-4cb4283{text-align:start;}.elementor-1104 .elementor-element.elementor-element-4cb4283 .elementor-heading-title{font-family:\"Ubuntu\", Helvetica;font-size:50px;font-weight:600;color:#FFFFFF;}.elementor-1104 .elementor-element.elementor-element-060b697 .elementor-icon-list-icon i{color:var( --e-global-color-8568b74 );transition:color 0.3s;}.elementor-1104 .elementor-element.elementor-element-060b697 .elementor-icon-list-icon svg{fill:var( --e-global-color-8568b74 );transition:fill 0.3s;}.elementor-1104 .elementor-element.elementor-element-060b697{--e-icon-list-icon-size:15px;--e-icon-list-icon-align:left;--e-icon-list-icon-margin:0 calc(var(--e-icon-list-icon-size, 1em) * 0.25) 0 0;--icon-vertical-offset:0px;}.elementor-1104 .elementor-element.elementor-element-060b697 .elementor-icon-list-item > .elementor-icon-list-text, .elementor-1104 .elementor-element.elementor-element-060b697 .elementor-icon-list-item > a{font-family:var( --e-global-typography-text-font-family ), Helvetica;font-size:var( --e-global-typography-text-font-size );font-weight:var( --e-global-typography-text-font-weight );}.elementor-1104 .elementor-element.elementor-element-060b697 .elementor-icon-list-text{color:#FFFFFF;transition:color 0.3s;}.elementor-1104 .elementor-element.elementor-element-060b697 > .elementor-widget-container{margin:0px 0px 0px 0px;border-radius:0px 0px 0px 0px;}.elementor-1104 .elementor-element.elementor-element-dfaac7c{transition:background 0.3s, border 0.3s, border-radius 0.3s, box-shadow 0.3s;margin-top:60px;margin-bottom:60px;padding:0px 40px 0px 40px;}.elementor-1104 .elementor-element.elementor-element-dfaac7c > .elementor-background-overlay{transition:background 0.3s, border-radius 0.3s, opacity 0.3s;}.elementor-1104 .elementor-element.elementor-element-58c9e83:not(.elementor-motion-effects-element-type-background) > .elementor-widget-wrap, .elementor-1104 .elementor-element.elementor-element-58c9e83 > .elementor-widget-wrap > .elementor-motion-effects-container > .elementor-motion-effects-layer{background-color:var( --e-global-color-primary );}.elementor-1104 .elementor-element.elementor-element-58c9e83 > .elementor-element-populated >  .elementor-background-overlay{background-image:url(\"https:\/\/verdalsbruket.no\/wp-content\/uploads\/2022\/07\/green-map-background.png\");opacity:0.15;}.elementor-1104 .elementor-element.elementor-element-58c9e83 > .elementor-element-populated, .elementor-1104 .elementor-element.elementor-element-58c9e83 > .elementor-element-populated > .elementor-background-overlay, .elementor-1104 .elementor-element.elementor-element-58c9e83 > .elementor-background-slideshow{border-radius:25px 0px 0px 25px;}.elementor-1104 .elementor-element.elementor-element-58c9e83 > .elementor-element-populated{transition:background 0.3s, border 0.3s, border-radius 0.3s, box-shadow 0.3s;padding:50px 50px 50px 50px;}.elementor-1104 .elementor-element.elementor-element-58c9e83 > .elementor-element-populated > .elementor-background-overlay{transition:background 0.3s, border-radius 0.3s, opacity 0.3s;}.elementor-1104 .elementor-element.elementor-element-3a638c8 .jeg-elementor-kit.jkit-heading{text-align:left;}.elementor-1104 .elementor-element.elementor-element-3a638c8 .jeg-elementor-kit.jkit-heading .heading-title{-webkit-box-decoration-break:clone;box-decoration-break:clone;display:inline;font-family:var( --e-global-typography-3d24fe4-font-family ), Helvetica;font-size:var( --e-global-typography-3d24fe4-font-size );font-weight:var( --e-global-typography-3d24fe4-font-weight );line-height:var( --e-global-typography-3d24fe4-line-height );letter-spacing:var( --e-global-typography-3d24fe4-letter-spacing );word-spacing:var( --e-global-typography-3d24fe4-word-spacing );color:#131313;}.elementor-1104 .elementor-element.elementor-element-3a638c8 .jeg-elementor-kit.jkit-heading .heading-section-title{margin:0px 0px -5px 0px;}.elementor-1104 .elementor-element.elementor-element-3a638c8 .jeg-elementor-kit.jkit-heading .heading-section-title .heading-title{padding:0px 0px 0px 0px;}.elementor-1104 .elementor-element.elementor-element-3a638c8 .jeg-elementor-kit.jkit-heading .heading-title > span{color:var( --e-global-color-083cdcd );background-color:transparent;background-image:linear-gradient(180deg, #54595F00 46%, #FFC83BB5 0%);font-family:\"Hind Madurai\", Helvetica;font-size:20px;font-weight:600;line-height:1em;padding:0px 10px 3px 10px;}.elementor-1104 .elementor-element.elementor-element-ce51880 .jeg-elementor-kit.jkit-heading .heading-section-description{max-width:96%;color:var( --e-global-color-083cdcd );font-family:var( --e-global-typography-text-font-family ), Helvetica;font-size:var( --e-global-typography-text-font-size );font-weight:var( --e-global-typography-text-font-weight );}.elementor-1104 .elementor-element.elementor-element-ce51880 .jeg-elementor-kit.jkit-heading{text-align:left;}.elementor-1104 .elementor-element.elementor-element-ce51880 .jeg-elementor-kit.jkit-heading .heading-title{font-family:\"Ubuntu\", Helvetica;font-size:25px;font-weight:600;color:var( --e-global-color-083cdcd );}.elementor-1104 .elementor-element.elementor-element-ce51880 .jeg-elementor-kit.jkit-heading .heading-section-title{margin:0px 0px 20px 0px;}.elementor-1104 .elementor-element.elementor-element-ddd4698:not(.elementor-motion-effects-element-type-background) > .elementor-widget-wrap, .elementor-1104 .elementor-element.elementor-element-ddd4698 > .elementor-widget-wrap > .elementor-motion-effects-container > .elementor-motion-effects-layer{background-image:url(\"https:\/\/verdalsbruket.no\/wp-content\/uploads\/2022\/04\/ukejegere26-scaled.jpg\");background-position:center center;background-repeat:no-repeat;background-size:cover;}.elementor-1104 .elementor-element.elementor-element-ddd4698 > .elementor-element-populated, .elementor-1104 .elementor-element.elementor-element-ddd4698 > .elementor-element-populated > .elementor-background-overlay, .elementor-1104 .elementor-element.elementor-element-ddd4698 > .elementor-background-slideshow{border-radius:0px 25px 25px 0px;}.elementor-1104 .elementor-element.elementor-element-ddd4698 > .elementor-element-populated{transition:background 0.3s, border 0.3s, border-radius 0.3s, box-shadow 0.3s;padding:0px 0px 0px 0px;}.elementor-1104 .elementor-element.elementor-element-ddd4698 > .elementor-element-populated > .elementor-background-overlay{transition:background 0.3s, border-radius 0.3s, opacity 0.3s;}.elementor-1104 .elementor-element.elementor-element-fa4bda2{--spacer-size:50px;}.elementor-1104 .elementor-element.elementor-element-eb3ed57.elementor-column > .elementor-widget-wrap{justify-content:center;}.elementor-1104 .elementor-element.elementor-element-eb3ed57 > .elementor-widget-wrap > .elementor-widget:not(.elementor-widget__width-auto):not(.elementor-widget__width-initial):not(:last-child):not(.elementor-absolute){margin-block-end:0px;}.elementor-1104 .elementor-element.elementor-element-5093365{width:auto;max-width:auto;}:root{--page-title-display:none;}@media(max-width:1024px){.elementor-1104 .elementor-element.elementor-element-a6858a9 > .elementor-container{min-height:400px;}.elementor-1104 .elementor-element.elementor-element-a6858a9:not(.elementor-motion-effects-element-type-background), .elementor-1104 .elementor-element.elementor-element-a6858a9 > .elementor-motion-effects-container > .elementor-motion-effects-layer{background-position:center center;background-size:cover;}.elementor-1104 .elementor-element.elementor-element-f575f5a > .elementor-element-populated{margin:0px 0px 0px 15px;--e-column-margin-right:0px;--e-column-margin-left:15px;}.elementor-1104 .elementor-element.elementor-element-4cb4283 .elementor-heading-title{font-size:38px;}.elementor-1104 .elementor-element.elementor-element-060b697 .elementor-icon-list-item > .elementor-icon-list-text, .elementor-1104 .elementor-element.elementor-element-060b697 .elementor-icon-list-item > a{font-size:var( --e-global-typography-text-font-size );}.elementor-1104 .elementor-element.elementor-element-dfaac7c{padding:0px 30px 0px 30px;}.elementor-1104 .elementor-element.elementor-element-58c9e83 > .elementor-element-populated, .elementor-1104 .elementor-element.elementor-element-58c9e83 > .elementor-element-populated > .elementor-background-overlay, .elementor-1104 .elementor-element.elementor-element-58c9e83 > .elementor-background-slideshow{border-radius:25px 25px 0px 0px;}.elementor-1104 .elementor-element.elementor-element-3a638c8 .jeg-elementor-kit.jkit-heading .heading-title{font-size:var( --e-global-typography-3d24fe4-font-size );line-height:var( --e-global-typography-3d24fe4-line-height );letter-spacing:var( --e-global-typography-3d24fe4-letter-spacing );word-spacing:var( --e-global-typography-3d24fe4-word-spacing );}.elementor-1104 .elementor-element.elementor-element-ce51880 .jeg-elementor-kit.jkit-heading .heading-title{font-size:38px;}.elementor-1104 .elementor-element.elementor-element-ce51880 .jeg-elementor-kit.jkit-heading .heading-section-description{font-size:var( --e-global-typography-text-font-size );}.elementor-1104 .elementor-element.elementor-element-ddd4698:not(.elementor-motion-effects-element-type-background) > .elementor-widget-wrap, .elementor-1104 .elementor-element.elementor-element-ddd4698 > .elementor-widget-wrap > .elementor-motion-effects-container > .elementor-motion-effects-layer{background-position:0px -190px;}.elementor-1104 .elementor-element.elementor-element-ddd4698 > .elementor-element-populated, .elementor-1104 .elementor-element.elementor-element-ddd4698 > .elementor-element-populated > .elementor-background-overlay, .elementor-1104 .elementor-element.elementor-element-ddd4698 > .elementor-background-slideshow{border-radius:0px 0px 25px 25px;}.elementor-1104 .elementor-element.elementor-element-fa4bda2{--spacer-size:400px;}}@media(max-width:767px){.elementor-1104 .elementor-element.elementor-element-a6858a9 > .elementor-container{min-height:300px;}.elementor-1104 .elementor-element.elementor-element-a6858a9{padding:20px 20px 20px 20px;}.elementor-1104 .elementor-element.elementor-element-f575f5a > .elementor-element-populated{margin:0px 0px 0px 0px;--e-column-margin-right:0px;--e-column-margin-left:0px;}.elementor-1104 .elementor-element.elementor-element-4cb4283 .elementor-heading-title{font-size:36px;}.elementor-1104 .elementor-element.elementor-element-060b697 .elementor-icon-list-item > .elementor-icon-list-text, .elementor-1104 .elementor-element.elementor-element-060b697 .elementor-icon-list-item > a{font-size:var( --e-global-typography-text-font-size );}.elementor-1104 .elementor-element.elementor-element-dfaac7c{padding:0px 20px 0px 20px;}.elementor-1104 .elementor-element.elementor-element-58c9e83 > .elementor-element-populated{padding:50px 30px 50px 30px;}.elementor-1104 .elementor-element.elementor-element-3a638c8 .jeg-elementor-kit.jkit-heading .heading-title{font-size:var( --e-global-typography-3d24fe4-font-size );line-height:var( --e-global-typography-3d24fe4-line-height );letter-spacing:var( --e-global-typography-3d24fe4-letter-spacing );word-spacing:var( --e-global-typography-3d24fe4-word-spacing );}.elementor-1104 .elementor-element.elementor-element-ce51880 .jeg-elementor-kit.jkit-heading .heading-title{font-size:36px;}.elementor-1104 .elementor-element.elementor-element-ce51880 .jeg-elementor-kit.jkit-heading .heading-section-description{font-size:var( --e-global-typography-text-font-size );}.elementor-1104 .elementor-element.elementor-element-ce51880 > .elementor-widget-container{margin:0px 0px -10px 0px;}.elementor-1104 .elementor-element.elementor-element-ddd4698:not(.elementor-motion-effects-element-type-background) > .elementor-widget-wrap, .elementor-1104 .elementor-element.elementor-element-ddd4698 > .elementor-widget-wrap > .elementor-motion-effects-container > .elementor-motion-effects-layer{background-position:0px 0px;}}@media(min-width:768px){.elementor-1104 .elementor-element.elementor-element-58c9e83{width:71.93%;}.elementor-1104 .elementor-element.elementor-element-ddd4698{width:28.026%;}}@media(max-width:1024px) and (min-width:768px){.elementor-1104 .elementor-element.elementor-element-58c9e83{width:100%;}.elementor-1104 .elementor-element.elementor-element-ddd4698{width:100%;}}@media(min-width:1025px){.elementor-1104 .elementor-element.elementor-element-a6858a9:not(.elementor-motion-effects-element-type-background), .elementor-1104 .elementor-element.elementor-element-a6858a9 > .elementor-motion-effects-container > .elementor-motion-effects-layer{background-attachment:fixed;}}<\/style>\t\t<div data-elementor-type=\"wp-page\" data-elementor-id=\"1104\" class=\"elementor elementor-1104\" data-elementor-post-type=\"page\">\n\t\t\t\t\t\t<section class=\"elementor-section elementor-top-section elementor-element elementor-element-a6858a9 elementor-section-content-middle elementor-section-height-min-height elementor-section-boxed elementor-section-height-default elementor-section-items-middle\" data-id=\"a6858a9\" data-element_type=\"section\" data-e-type=\"section\" data-settings=\"{&quot;background_background&quot;:&quot;classic&quot;}\">\n\t\t\t\t\t\t\t<div class=\"elementor-background-overlay\"><\/div>\n\t\t\t\t\t\t\t<div class=\"elementor-container elementor-column-gap-default\">\n\t\t\t\t\t<div class=\"elementor-column elementor-col-100 elementor-top-column elementor-element elementor-element-f575f5a\" data-id=\"f575f5a\" data-element_type=\"column\" data-e-type=\"column\">\n\t\t\t<div class=\"elementor-widget-wrap elementor-element-populated\">\n\t\t\t\t\t\t<div class=\"elementor-element elementor-element-4cb4283 elementor-widget elementor-widget-heading\" data-id=\"4cb4283\" data-element_type=\"widget\" data-e-type=\"widget\" data-widget_type=\"heading.default\">\n\t\t\t\t<div class=\"elementor-widget-container\">\n\t\t\t\t\t<h1 class=\"elementor-heading-title elementor-size-default\">Application for hunting license<\/h1>\t\t\t\t<\/div>\n\t\t\t\t<\/div>\n\t\t\t\t<div class=\"elementor-element elementor-element-060b697 elementor-align-start elementor-icon-list--layout-inline elementor-mobile-align-start elementor-list-item-link-full_width elementor-widget elementor-widget-icon-list\" data-id=\"060b697\" data-element_type=\"widget\" data-e-type=\"widget\" data-widget_type=\"icon-list.default\">\n\t\t\t\t<div class=\"elementor-widget-container\">\n\t\t\t\t\t\t\t<ul class=\"elementor-icon-list-items elementor-inline-items\">\n\t\t\t\t\t\t\t<li class=\"elementor-icon-list-item elementor-inline-item\">\n\t\t\t\t\t\t\t\t\t\t<span class=\"elementor-icon-list-text\">Hunt<\/span>\n\t\t\t\t\t\t\t\t\t<\/li>\n\t\t\t\t\t\t\t\t<li class=\"elementor-icon-list-item elementor-inline-item\">\n\t\t\t\t\t\t\t\t\t\t\t<span class=\"elementor-icon-list-icon\">\n\t\t\t\t\t\t\t<i aria-hidden=\"true\" class=\"fas fa-chevron-right\"><\/i>\t\t\t\t\t\t<\/span>\n\t\t\t\t\t\t\t\t\t\t<span class=\"elementor-icon-list-text\">application hunting license<\/span>\n\t\t\t\t\t\t\t\t\t<\/li>\n\t\t\t\t\t\t<\/ul>\n\t\t\t\t\t\t<\/div>\n\t\t\t\t<\/div>\n\t\t\t\t\t<\/div>\n\t\t<\/div>\n\t\t\t\t\t<\/div>\n\t\t<\/section>\n\t\t\t\t<section class=\"elementor-section elementor-top-section elementor-element elementor-element-dfaac7c elementor-section-boxed elementor-section-height-default elementor-section-height-default\" data-id=\"dfaac7c\" data-element_type=\"section\" data-e-type=\"section\" data-settings=\"{&quot;background_background&quot;:&quot;classic&quot;}\">\n\t\t\t\t\t\t<div class=\"elementor-container elementor-column-gap-default\">\n\t\t\t\t\t<div class=\"elementor-column elementor-col-50 elementor-top-column elementor-element elementor-element-58c9e83\" data-id=\"58c9e83\" data-element_type=\"column\" data-e-type=\"column\" data-settings=\"{&quot;background_background&quot;:&quot;classic&quot;}\">\n\t\t\t<div class=\"elementor-widget-wrap elementor-element-populated\">\n\t\t\t\t\t<div class=\"elementor-background-overlay\"><\/div>\n\t\t\t\t\t\t<div class=\"elementor-element elementor-element-3a638c8 animated-slow elementor-widget elementor-widget-jkit_heading\" data-id=\"3a638c8\" data-element_type=\"widget\" data-e-type=\"widget\" data-settings=\"{&quot;_animation&quot;:&quot;none&quot;}\" data-widget_type=\"jkit_heading.default\">\n\t\t\t\t<div class=\"elementor-widget-container\">\n\t\t\t\t\t<div  class=\"jeg-elementor-kit jkit-heading  align-left align-tablet- align-mobile- jeg_module___69e15edccf3d8\" ><div class=\"heading-section-title  display-inline-block\"><h5 class=\"heading-title\"><span class=\"style-color\"><span>Application for a hunting license at V\u00e6rdalsbruket<\/span><\/span><\/h5><\/div><\/div>\t\t\t\t<\/div>\n\t\t\t\t<\/div>\n\t\t\t\t<div class=\"elementor-element elementor-element-ce51880 animated-slow elementor-widget elementor-widget-jkit_heading\" data-id=\"ce51880\" data-element_type=\"widget\" data-e-type=\"widget\" data-settings=\"{&quot;_animation&quot;:&quot;none&quot;}\" data-widget_type=\"jkit_heading.default\">\n\t\t\t\t<div class=\"elementor-widget-container\">\n\t\t\t\t\t<div  class=\"jeg-elementor-kit jkit-heading  align-left align-tablet- align-mobile- jeg_module__1_69e15edcd158a\" ><div class=\"heading-section-title  display-inline-block\"><h2 class=\"heading-title\"><\/h2><\/div><div class=\"heading-section-description\"><p>Jaktkort blir trukket blant alle som har s\u00f8kt innen 1. april. (S\u00f8knadsperiode 1\/2-1\/4)<\/p><p>This is done by first choosing which terrain you want to hunt. Then, during the period, you will be given a choice of available hunting periods on the terrain in question.<\/p><p>Enkelte terreng har hytte tilgjengelig. \u00d8nsker man \u00e5 disponere hytte, m\u00e5 man krysse av for dette. S\u00f8knader med hytte f\u00e5r forrang i trekningsfunksjonen. Tilvalget hytte koster 15000,- og man disponerer da hytta hele jaktperioden.<\/p><p>Jaktleder m\u00e5 fylles ut med gyldig e-post adresse, da denne adressen blir brukt til utsending av faktura. Alle jegere m\u00e5 registreres med fullt navn, adresse og telefonnummer.<\/p><p>Each hunter, also as part of a hunting team, can only submit one application for the same terrain and period.<\/p><p>The application can be canceled during the application period by contacting us at\u00a0<a href=\"mailto:post@verdalsbruket.no\">post@verdalsbruket.no<\/a><\/p><p>Det er 5 dagers svarfrist p\u00e5 tilbudt jakt, regnet fra og med trekningsdato 2. april. Informasjon vil bli oppdatert i status-siden til hver jaktleder umiddelbart etter trekning. Tildelt jakt m\u00e5 da aksepteres eller kanselleres her. Man finner ogs\u00e5 informasjon om man har blitt tildelt hytte eller ikke i henhold til s\u00f8knaden. Tilbudet blir ikke \u00f8konomisk bindende f\u00f8r aksept er valgt.\u00a0<\/p><\/div><\/div>\t\t\t\t<\/div>\n\t\t\t\t<\/div>\n\t\t\t\t\t<\/div>\n\t\t<\/div>\n\t\t\t\t<div class=\"elementor-column elementor-col-50 elementor-top-column elementor-element elementor-element-ddd4698\" data-id=\"ddd4698\" data-element_type=\"column\" data-e-type=\"column\" data-settings=\"{&quot;background_background&quot;:&quot;classic&quot;}\">\n\t\t\t<div class=\"elementor-widget-wrap elementor-element-populated\">\n\t\t\t\t\t\t<div class=\"elementor-element elementor-element-fa4bda2 elementor-widget elementor-widget-spacer\" data-id=\"fa4bda2\" data-element_type=\"widget\" data-e-type=\"widget\" data-widget_type=\"spacer.default\">\n\t\t\t\t<div class=\"elementor-widget-container\">\n\t\t\t\t\t\t\t<div class=\"elementor-spacer\">\n\t\t\t<div class=\"elementor-spacer-inner\"><\/div>\n\t\t<\/div>\n\t\t\t\t\t\t<\/div>\n\t\t\t\t<\/div>\n\t\t\t\t\t<\/div>\n\t\t<\/div>\n\t\t\t\t\t<\/div>\n\t\t<\/section>\n\t\t\t\t<section class=\"elementor-section elementor-top-section elementor-element elementor-element-7f8dad8 elementor-section-full_width elementor-section-height-default elementor-section-height-default\" data-id=\"7f8dad8\" data-element_type=\"section\" data-e-type=\"section\">\n\t\t\t\t\t\t<div class=\"elementor-container elementor-column-gap-no\">\n\t\t\t\t\t<div class=\"elementor-column elementor-col-100 elementor-top-column elementor-element elementor-element-eb3ed57\" data-id=\"eb3ed57\" data-element_type=\"column\" data-e-type=\"column\">\n\t\t\t<div class=\"elementor-widget-wrap elementor-element-populated\">\n\t\t\t\t\t\t<div class=\"elementor-element elementor-element-5093365 elementor-widget__width-auto elementor-widget elementor-widget-html\" data-id=\"5093365\" data-element_type=\"widget\" data-e-type=\"widget\" data-widget_type=\"html.default\">\n\t\t\t\t<div class=\"elementor-widget-container\">\n\t\t\t\t\t<object type=\"text\/html\" data=\"https:\/\/jaktkortsoknad.no\/soknad\/\" style=\"width: 1200px; height: 1000px;\" width=\"1200px\" height=\"1000px\"><\/object>\t\t\t\t<\/div>\n\t\t\t\t<\/div>\n\t\t\t\t\t<\/div>\n\t\t<\/div>\n\t\t\t\t\t<\/div>\n\t\t<\/section>\n\t\t\t\t<\/div>","protected":false},"excerpt":{"rendered":"<p>S\u00f8knad Jaktkort Jakt s\u00f8knad jaktkort S\u00f8knad om jaktkort hos V\u00e6rdalsbruket Jaktkort blir trukket blant alle som har s\u00f8kt innen 1. april. (S\u00f8knadsperiode 1\/2-1\/4) Dette gj\u00f8res ved f\u00f8rst \u00e5 velge hvilket terreng det \u00f8nskes jakt p\u00e5.\u00a0Da vil man under periode f\u00e5 opp valg over ledige jaktperioder p\u00e5 det aktuelle terrenget. Enkelte terreng har hytte tilgjengelig. \u00d8nsker [&hellip;]<\/p>\n","protected":false},"author":1,"featured_media":0,"parent":539,"menu_order":0,"comment_status":"closed","ping_status":"closed","template":"","meta":{"footnotes":""},"class_list":["post-1104","page","type-page","status-publish","hentry"],"_links":{"self":[{"href":"https:\/\/verdalsbruket.no\/en\/wp-json\/wp\/v2\/pages\/1104","targetHints":{"allow":["GET"]}}],"collection":[{"href":"https:\/\/verdalsbruket.no\/en\/wp-json\/wp\/v2\/pages"}],"about":[{"href":"https:\/\/verdalsbruket.no\/en\/wp-json\/wp\/v2\/types\/page"}],"author":[{"embeddable":true,"href":"https:\/\/verdalsbruket.no\/en\/wp-json\/wp\/v2\/users\/1"}],"replies":[{"embeddable":true,"href":"https:\/\/verdalsbruket.no\/en\/wp-json\/wp\/v2\/comments?post=1104"}],"version-history":[{"count":99,"href":"https:\/\/verdalsbruket.no\/en\/wp-json\/wp\/v2\/pages\/1104\/revisions"}],"predecessor-version":[{"id":4413,"href":"https:\/\/verdalsbruket.no\/en\/wp-json\/wp\/v2\/pages\/1104\/revisions\/4413"}],"up":[{"embeddable":true,"href":"https:\/\/verdalsbruket.no\/en\/wp-json\/wp\/v2\/pages\/539"}],"wp:attachment":[{"href":"https:\/\/verdalsbruket.no\/en\/wp-json\/wp\/v2\/media?parent=1104"}],"curies":[{"name":"wp","href":"https:\/\/api.w.org\/{rel}","templated":true}]}}